{"id":32704,"date":"2019-12-03T14:16:47","date_gmt":"2019-12-03T14:16:47","guid":{"rendered":"https:\/\/www.liftingroup.com\/desarrollo-digital-lifting\/"},"modified":"2025-09-17T09:58:52","modified_gmt":"2025-09-17T09:58:52","slug":"desarrollo-digital-lifting","status":"publish","type":"page","link":"https:\/\/www.liftingroup.com\/en\/visual\/","title":{"rendered":"Visual"},"content":{"rendered":"<div class=\"wpb-content-wrapper\">[vc_row content_placement=&#8221;middle&#8221; row_content_height=&#8221;840px&#8221; css=&#8221;.vc_custom_1583494265388{background-image: url(https:\/\/www.liftingroup.com\/wp-content\/uploads\/2019\/12\/Slider.webp?id=26581) !important;background-position: center !important;background-repeat: no-repeat !important;background-size: cover !important;}&#8221; el_class=&#8221;tamano-pantalla display-flex delete-before digital-visual&#8221;][vc_column][vc_row_inner row_content_width=&#8221;container&#8221; el_id=&#8221;titulo-visual&#8221;][vc_column_inner][vc_custom_heading text=&#8221;IDEAS + EFFECTIVE<br \/>\nCREATIVE + STRATEGIC&#8221; font_container=&#8221;tag:p|font_size:100px|text_align:center|color:%230a0a0a|line_height:115px&#8221; use_theme_fonts=&#8221;yes&#8221; css=&#8221;.vc_custom_1606391998788{margin-bottom: 10% !important;padding-top: 5% !important;}&#8221; text_transform=&#8221;text&#8211;uppercase&#8221; el_class=&#8221;tamano-sliders-paginas-title&#8221;][\/vc_column_inner][\/vc_row_inner]<script>jQuery(function($){$(\"header#header\").addClass(\"transparent-header\");$(\"main#main\").addClass(\"main-with-transparent-header\");});<\/script>[\/vc_column][\/vc_row][vc_row row_content_width=&#8221;container&#8221; el_id=&#8221;imagen-digital-mobile&#8221;][vc_column][vc_single_image image=&#8221;26621&#8243; img_size=&#8221;full&#8221; alignment=&#8221;right&#8221;][\/vc_column][\/vc_row][vc_row row_content_width=&#8221;container&#8221;][vc_column][vc_custom_breadcrumb][\/vc_column][\/vc_row][vc_row row_content_width=&#8221;container&#8221; css=&#8221;.vc_custom_1571326450842{margin-bottom: 40px !important;}&#8221;][vc_column][vc_row_inner css=&#8221;.vc_custom_1578570751725{margin-bottom: 25px !important;}&#8221;][vc_column_inner][vc_wp_text el_class=&#8221;h2-stories&#8221;]\n<h1>Imagine Creative ideas, the digital creative agency of Lifting Group<\/h1>\n[\/vc_wp_text][\/vc_column_inner][\/vc_row_inner][\/vc_column][\/vc_row][vc_row css=&#8221;.vc_custom_1583494276776{margin-top: 105px !important;margin-bottom: 30px !important;}&#8221;][vc_column][vc_row_inner content_placement=&#8221;bottom&#8221;][vc_column_inner el_class=&#8221;explicacion-lifting-desarrollo-digital-imagen-0&#8243; width=&#8221;1\/4&#8243; css=&#8221;.vc_custom_1656511414901{background-image: url(https:\/\/www.liftingroup.com\/wp-content\/uploads\/2022\/01\/Diseno-sin-titulo-41-1.webp?id=42236) !important;background-position: center !important;background-repeat: no-repeat !important;background-size: cover !important;}&#8221; el_id=&#8221;image-0-visual&#8221;][vc_empty_space height=&#8221;700px&#8221;][\/vc_column_inner][vc_column_inner el_class=&#8221;explicacion-lifting-desarrollo-digital-texto-0&#8243; width=&#8221;3\/5&#8243; css=&#8221;.vc_custom_1580200118282{padding-right: 10% !important;padding-left: 10% !important;}&#8221; el_id=&#8221;explicacion-visual-texto-0&#8243;][vc_column_text css=&#8221;.vc_custom_1606392655641{padding-top: 3% !important;padding-bottom: 6% !important;}&#8221;]<strong>Imagine Creative Ideas<\/strong> is a <strong>creative and advertising agency<\/strong> established in <strong>2007<\/strong> and joined the <strong>Lifting Group<\/strong> from its founding. It is comprised of a young, fresh team with the same passion: Creating and transmitting their clients&#8217; values through their work.<\/p>\n<p>The creative vision of <strong>Imagine Creative Ideas <\/strong>together with the business and consulting vision provided by <strong>Lifting Group<\/strong> unique brand experiences in terms of the creative, identity and communication, as well as the development of digital projects that impact positively on their customers and businesses.<\/p>\n<p><strong>Imagine Creative Ideas <\/strong>has over 10 years of experience in developing identity, visual, advertising and digital projects and <strong>has worked for over 40 markets with both B2B and B2C clients.<\/strong>[\/vc_column_text][vc_wp_text el_class=&#8221;margin-top-responsive-tablet-success servicios-desarrollo-visual&#8221;]\n<h3 class=\"title-3-servicios-especial linea-especial-amarilla punto-negro no-bullet\">SERVICES<\/h3>\n[\/vc_wp_text][vc_wp_text el_class=&#8221;services-list servicios-desarrollo-visual&#8221;]\n<ul>\n<li><strong><a href=\"https:\/\/www.ici.vg\/portfolio\/\">Branding<\/a><\/strong><\/li>\n<li><strong><a href=\"#\">Visual Design<\/a><\/strong><\/li>\n<li><strong><a href=\"#\">Customised Packaging<\/a><\/strong><\/li>\n<li><strong><a href=\"https:\/\/www.ici.vg\/portfolio\/\" target=\"_blank\" rel=\"noopener noreferrer\">Audiovisual<\/a><\/strong><\/li>\n<li><strong><a href=\"https:\/\/www.ici.vg\/portfolio\/\" target=\"_blank\" rel=\"noopener noreferrer\">Design Outsourcing<\/a><\/strong><\/li>\n<\/ul>\n[\/vc_wp_text][vc_wp_text el_class=&#8221;servicios-desarrollo-visual&#8221;]<a class=\"boton-portfolio\" style=\"top: 30px; position: relative;\" href=\"https:\/\/www.ici.vg\/\" target=\"_blank\" rel=\"noopener noreferrer\">Portfolio<\/a><a class=\"boton-contact-us\" style=\"top: 30px; position: relative; margin-left: 10px;\" href=\"#contact\">Contact us<\/a>[\/vc_wp_text][\/vc_column_inner][\/vc_row_inner][vc_row_inner][vc_column_inner][vc_single_image image=&#8221;26621&#8243; img_size=&#8221;&#8221; el_class=&#8221;position-absolute&#8221; el_id=&#8221;imagen-especial-1&#8243;][\/vc_column_inner][\/vc_row_inner][\/vc_column][\/vc_row][vc_row el_class=&#8221;div-especial-middle visual-creativa-agencia-middle&#8221; el_id=&#8221;visual-div-middle&#8221; css=&#8221;.vc_custom_1583492076335{padding-top: 8% !important;}&#8221;][vc_column width=&#8221;1\/3&#8243; el_class=&#8221;visual-second-text-block&#8221; css=&#8221;.vc_custom_1580215493218{padding-top: 15% !important;}&#8221; el_id=&#8221;agencia-creativa-visual&#8221;][vc_column_text css=&#8221;.vc_custom_1606392991089{padding-top: 1% !important;}&#8221;]\n<h2><b>Creative agency and advertising: a unique and recognizable brand strategy is the first step to success\u00a0<\/b><\/h2>\n<p>&nbsp;<\/p>\n<p>Con una pasi\u00f3n en com\u00fan: hacer crecer tus sue\u00f1os. <strong>Imagine Creative Ideas<\/strong> and <strong>Lifting Group<\/strong> come together to <strong>build brand experiences<\/strong> and make customer goals a reality. Combining <strong>strategy <\/strong>and <strong>creativity <\/strong>with some very clear objectives: That the company grows, visibility is improved, values are transmitted and they are differentiated on the market.[\/vc_column_text][\/vc_column][vc_column width=&#8221;1\/3&#8243;][\/vc_column][vc_column width=&#8221;1\/3&#8243;][vc_single_image image=&#8221;32707&#8243; img_size=&#8221;full&#8221; alignment=&#8221;right&#8221; el_class=&#8221;explicacion-lifting-desarrollo-digital-imagen-4&#8243; el_id=&#8221;explicacion-lifting-visual-imagen-4&#8243;][vc_single_image image=&#8221;26642&#8243; img_size=&#8221;&#8221; el_class=&#8221;explicacion-lifting-desarrollo-digital-imagen-2&#8243; el_id=&#8221;explicacion-lifting-visual-imagen-2&#8243;][\/vc_column][\/vc_row][vc_row full_width=&#8221;stretch_row_content_no_spaces&#8221; css=&#8221;.vc_custom_1583494290364{margin-bottom: 40px !important;padding-top: 20px !important;padding-bottom: 20px !important;background-color: #047cb1 !important;}&#8221; el_id=&#8221;contact&#8221;][vc_column css=&#8221;.vc_custom_1576494211265{padding-top: 0px !important;}&#8221;][vc_row_inner row_content_width=&#8221;container&#8221;][vc_column_inner][vc_custom_line color=&#8221;#ffffff&#8221; title=&#8221;yes&#8221; title_text=&#8221;CONTACT US&#8221; title_tag=&#8221;h4&#8243; title_weight=&#8221;font-weight: 400;&#8221; title_color=&#8221;#ffffff&#8221; class=&#8221;contacto-us-p&#8221;][\/vc_column_inner][\/vc_row_inner][\/vc_column][\/vc_row][vc_row][vc_column][vc_row_inner row_content_width=&#8221;container&#8221;][vc_column_inner]<div role=\"form\" class=\"wpcf7\" id=\"wpcf7-f33278-o1\" lang=\"es-ES\" dir=\"ltr\">\n<div class=\"screen-reader-response\"><p role=\"status\" aria-live=\"polite\" aria-atomic=\"true\"><\/p> <ul><\/ul><\/div>\n<form action=\"\/en\/wp-json\/wp\/v2\/pages\/32704#wpcf7-f33278-o1\" method=\"post\" class=\"wpcf7-form init\" novalidate=\"novalidate\" data-status=\"init\">\n<div style=\"display: none;\">\n<input type=\"hidden\" name=\"_wpcf7\" value=\"33278\" \/>\n<input type=\"hidden\" name=\"_wpcf7_version\" value=\"5.5\" \/>\n<input type=\"hidden\" name=\"_wpcf7_locale\" value=\"es_ES\" \/>\n<input type=\"hidden\" name=\"_wpcf7_unit_tag\" value=\"wpcf7-f33278-o1\" \/>\n<input type=\"hidden\" name=\"_wpcf7_container_post\" value=\"0\" \/>\n<input type=\"hidden\" name=\"_wpcf7_posted_data_hash\" value=\"\" \/>\n<input type=\"hidden\" name=\"_wpcf7_recaptcha_response\" value=\"\" \/>\n<\/div>\n<div class=\"contact-form contact-form--footer\">\n  <div class=\"vc_row wpb_row vc_row-fluid\">\n    <div class=\"wpb_column vc_col-sm-7\">\n      <span class=\"wpcf7-form-control-wrap your-name\"><input type=\"text\" name=\"your-name\" value=\"\" size=\"40\" class=\"wpcf7-form-control wpcf7-text wpcf7-validates-as-required\" aria-required=\"true\" aria-invalid=\"false\" placeholder=\"Name*\" \/><\/span>\n    <\/div>\n    <div class=\"wpb_column vc_col-sm-5\">\n      <span class=\"wpcf7-form-control-wrap text-empresa\"><input type=\"text\" name=\"text-empresa\" value=\"\" size=\"40\" class=\"wpcf7-form-control wpcf7-text wpcf7-validates-as-required\" aria-required=\"true\" aria-invalid=\"false\" placeholder=\"Company*\" \/><\/span>\n    <\/div>\n    <div class=\"wpb_column vc_col-sm-7\">\n      <span class=\"wpcf7-form-control-wrap your-email\"><input type=\"email\" name=\"your-email\" value=\"\" size=\"40\" class=\"wpcf7-form-control wpcf7-text wpcf7-email wpcf7-validates-as-required wpcf7-validates-as-email\" aria-required=\"true\" aria-invalid=\"false\" placeholder=\"Email*\" \/><\/span>\n    <\/div>\n    <div class=\"wpb_column vc_col-sm-5\">\n      <span class=\"wpcf7-form-control-wrap telefono\"><input type=\"tel\" name=\"telefono\" value=\"\" size=\"40\" class=\"wpcf7-form-control wpcf7-text wpcf7-tel wpcf7-validates-as-tel\" aria-invalid=\"false\" placeholder=\"Telephone\" \/><\/span>\n    <\/div>\n    <div class=\"wpb_column vc_col-sm-12\">\n      <span class=\"wpcf7-form-control-wrap your-message\"><textarea name=\"your-message\" cols=\"40\" rows=\"10\" class=\"wpcf7-form-control wpcf7-textarea wpcf7-validates-as-required\" aria-required=\"true\" aria-invalid=\"false\" placeholder=\"More information\"><\/textarea><\/span>\n    <\/div>\n    <div class=\"wpb_column vc_col-sm-12\">\n      <div class=\"contact-form-required\">\n        <p>* mandatory fields.<\/p>\n      <\/div>\n    <\/div>\n    <div class=\"wpb_column vc_col-sm-6\">\n      <span class=\"wpcf7-form-control-wrap acceptancion\"><span class=\"wpcf7-form-control wpcf7-acceptance\"><span class=\"wpcf7-list-item\"><label><input type=\"checkbox\" name=\"acceptancion\" value=\"1\" aria-invalid=\"false\" \/><span class=\"wpcf7-list-item-label\"><div class=\"contact-form-legal\" style=\"display: none;\">\n        I have read the <a href=\"https:\/\/www.liftingroup.com\/en\/legal-notice\/\" target=\"_blank\">Privacy Policy and Legal Notice<\/a> and I expressly consent to Lifting Group to use the information I provide in this form to contact me and to send me updates and promotions via email. <span class=\"contact-form-legal--btn\">More information<\/span>.<\/span><\/label><\/span><\/span><\/span>\n<\/div>\n      \n      <div class=\"contact-form-legal--more\">\n        You can change your mind at any time by clicking on the unsubscribe link in the footer of any email you receive from us, or by contacting us at <a href=\"mailto:info@liftingroup.com\">info@liftingroup.com<\/a>. We will treat your information with respect. For more information about our privacy practices, please visit our website. By clicking below, you agree that we may process your information in accordance with these terms.\n      <\/div>\n    <\/div>\n    <div class=\"wpb_column vc_col-sm-3\">\n      \n    <\/div>\n    <div class=\"wpb_column vc_col-sm-3\">\n      <div class=\"text--right\">\n        <input type=\"submit\" value=\"Send\" class=\"wpcf7-form-control has-spinner wpcf7-submit\" \/>\n      <\/div>\n    <\/div>\n  <\/div>\n<\/div>\n\n<script type=\"text\/javascript\">\n  (function ($) {\n    $(document).ready(function () {\n      $(\".contact-form-legal--btn\").click(function(event) {\n        event.preventDefault();\n        $(\".contact-form-legal--more\").slideDown();\n      });\n      $('.wpcf7-recaptcha').css('clear', 'both');\n    });\n  })(jQuery);\n  let enlacePagina = window.location.href;\n  document.addEventListener( 'wpcf7mailsent', function( event ) {\n    if ( '3760' == event.detail.contactFormId ) {\n      __gaTracker('send', 'event', 'Contact-page', 'send', enlacePagina);\n    }\n  }, false );\n<\/script>\n\n<!-- Google Code for Contacto ES (www.liftingroup.com) Conversion Page -->\n<script type=\"text\/javascript\">\n\/* <![CDATA[ *\/\nvar google_conversion_id = 985733944;\nvar google_conversion_label = \"UBefCOKJsYIBELi2hNYD\";\nvar google_conversion_value = 1.00;\nvar google_conversion_currency = \"EUR\";\nvar google_remarketing_only = false;\n\/* ]]> *\/\n<\/script>\n<script type=\"text\/javascript\" src=\"\/\/www.googleadservices.com\/pagead\/conversion.js\">\n<\/script>\n<noscript>\n<div style=\"display:inline;\">\n<img loading=\"lazy\" decoding=\"async\" height=\"1\" width=\"1\" style=\"border-style:none;\" alt=\"\" src=\"\/\/www.googleadservices.com\/pagead\/conversion\/985733944\/?value=1.00&amp;currency_code=EUR&amp;label=UBefCOKJsYIBELi2hNYD&amp;guid=ON&amp;script=0\"\/>\n<\/div>\n<\/noscript><div class=\"wpcf7-response-output\" aria-hidden=\"true\"><\/div><\/form><\/div>[\/vc_column_inner][\/vc_row_inner][\/vc_column][\/vc_row]\n<\/div>","protected":false},"excerpt":{"rendered":"<p>[vc_row content_placement=&#8221;middle&#8221; row_content_height=&#8221;840px&#8221; css=&#8221;.vc_custom_1583494265388{background-image: url(https:\/\/www.liftingroup.com\/wp-content\/uploads\/2019\/12\/Slider.webp?id=26581) !important;background-position: center !important;background-repeat: no-repeat !important;background-size: cover !important;}&#8221; el_class=&#8221;tamano-pantalla display-flex delete-before digital-visual&#8221;][vc_column][vc_row_inner row_content_width=&#8221;container&#8221; el_id=&#8221;titulo-visual&#8221;][vc_column_inner][vc_custom_heading text=&#8221;IDEAS + EFFECTIVE CREATIVE + STRATEGIC&#8221; font_container=&#8221;tag:p|font_size:100px|text_align:center|color:%230a0a0a|line_height:115px&#8221; use_theme_fonts=&#8221;yes&#8221; css=&#8221;.vc_custom_1606391998788{margin-bottom: 10% !important;padding-top: 5% !important;}&#8221; text_transform=&#8221;text&#8211;uppercase&#8221; el_class=&#8221;tamano-sliders-paginas-title&#8221;][\/vc_column_inner][\/vc_row_inner][\/vc_column][\/vc_row][vc_row row_content_width=&#8221;container&#8221; el_id=&#8221;imagen-digital-mobile&#8221;][vc_column][vc_single_image image=&#8221;26621&#8243; img_size=&#8221;full&#8221; alignment=&#8221;right&#8221;][\/vc_column][\/vc_row][vc_row row_content_width=&#8221;container&#8221;][vc_column][vc_custom_breadcrumb][\/vc_column][\/vc_row][vc_row row_content_width=&#8221;container&#8221; css=&#8221;.vc_custom_1571326450842{margin-bottom: 40px !important;}&#8221;][vc_column][vc_row_inner css=&#8221;.vc_custom_1578570751725{margin-bottom: 25px !important;}&#8221;][vc_column_inner][vc_wp_text el_class=&#8221;h2-stories&#8221;] Imagine Creative ideas, the digital creative agency of [&hellip;]<\/p>\n","protected":false},"author":1,"featured_media":0,"parent":0,"menu_order":0,"comment_status":"closed","ping_status":"closed","template":"","meta":{"_acf_changed":false,"footnotes":""},"categories":[],"tags":[],"class_list":["post-32704","page","type-page","status-publish","hentry"],"acf":[],"yoast_head":"<!-- This site is optimized with the Yoast SEO plugin v27.2 - https:\/\/yoast.com\/product\/yoast-seo-wordpress\/ -->\n<title>Agencia Creative Imagine Creative Ideas | Lifting Group \u26a1<\/title>\n<meta name=\"description\" content=\"Our creative and advertising agency, Imagine Creative Ideas, achieves unique and recognizable branding strategies for the success of your business\u2705\" \/>\n<meta name=\"robots\" content=\"index, follow, max-snippet:-1, max-image-preview:large, max-video-preview:-1\" \/>\n<link rel=\"canonical\" href=\"https:\/\/www.liftingroup.com\/en\/visual\/\" \/>\n<meta property=\"og:locale\" content=\"en_US\" \/>\n<meta property=\"og:type\" content=\"article\" \/>\n<meta property=\"og:title\" content=\"Agencia Creative Imagine Creative Ideas | Lifting Group \u26a1\" \/>\n<meta property=\"og:description\" content=\"Our creative and advertising agency, Imagine Creative Ideas, achieves unique and recognizable branding strategies for the success of your business\u2705\" \/>\n<meta property=\"og:url\" content=\"https:\/\/www.liftingroup.com\/en\/visual\/\" \/>\n<meta property=\"og:site_name\" content=\"Lifting Group\" \/>\n<meta property=\"article:modified_time\" content=\"2025-09-17T09:58:52+00:00\" \/>\n<meta name=\"twitter:card\" content=\"summary_large_image\" \/>\n<meta name=\"twitter:site\" content=\"@Liftingroup\" \/>\n<meta name=\"twitter:label1\" content=\"Est. reading time\" \/>\n\t<meta name=\"twitter:data1\" content=\"3 minutes\" \/>\n<script type=\"application\/ld+json\" class=\"yoast-schema-graph\">{\"@context\":\"https:\/\/schema.org\",\"@graph\":[{\"@type\":\"WebPage\",\"@id\":\"https:\/\/www.liftingroup.com\/en\/visual\/\",\"url\":\"https:\/\/www.liftingroup.com\/en\/visual\/\",\"name\":\"Agencia Creative Imagine Creative Ideas | Lifting Group \u26a1\",\"isPartOf\":{\"@id\":\"https:\/\/www.liftingroup.com\/en\/#website\"},\"datePublished\":\"2019-12-03T14:16:47+00:00\",\"dateModified\":\"2025-09-17T09:58:52+00:00\",\"description\":\"Our creative and advertising agency, Imagine Creative Ideas, achieves unique and recognizable branding strategies for the success of your business\u2705\",\"breadcrumb\":{\"@id\":\"https:\/\/www.liftingroup.com\/en\/visual\/#breadcrumb\"},\"inLanguage\":\"en-US\",\"potentialAction\":[{\"@type\":\"ReadAction\",\"target\":[\"https:\/\/www.liftingroup.com\/en\/visual\/\"]}]},{\"@type\":\"BreadcrumbList\",\"@id\":\"https:\/\/www.liftingroup.com\/en\/visual\/#breadcrumb\",\"itemListElement\":[{\"@type\":\"ListItem\",\"position\":1,\"name\":\"Home\",\"item\":\"https:\/\/www.liftingroup.com\/en\/\"},{\"@type\":\"ListItem\",\"position\":2,\"name\":\"Visual\"}]},{\"@type\":\"WebSite\",\"@id\":\"https:\/\/www.liftingroup.com\/en\/#website\",\"url\":\"https:\/\/www.liftingroup.com\/en\/\",\"name\":\"Lifting Group\",\"description\":\"\",\"publisher\":{\"@id\":\"https:\/\/www.liftingroup.com\/en\/#organization\"},\"potentialAction\":[{\"@type\":\"SearchAction\",\"target\":{\"@type\":\"EntryPoint\",\"urlTemplate\":\"https:\/\/www.liftingroup.com\/en\/?s={search_term_string}\"},\"query-input\":{\"@type\":\"PropertyValueSpecification\",\"valueRequired\":true,\"valueName\":\"search_term_string\"}}],\"inLanguage\":\"en-US\"},{\"@type\":\"Organization\",\"@id\":\"https:\/\/www.liftingroup.com\/en\/#organization\",\"name\":\"Lifting Group\",\"url\":\"https:\/\/www.liftingroup.com\/en\/\",\"logo\":{\"@type\":\"ImageObject\",\"inLanguage\":\"en-US\",\"@id\":\"https:\/\/www.liftingroup.com\/en\/#\/schema\/logo\/image\/\",\"url\":\"https:\/\/www.liftingroup.com\/wp-content\/uploads\/2022\/05\/Logo_15aniversario_LiftingGroup-2.png\",\"contentUrl\":\"https:\/\/www.liftingroup.com\/wp-content\/uploads\/2022\/05\/Logo_15aniversario_LiftingGroup-2.png\",\"width\":216,\"height\":59,\"caption\":\"Lifting Group\"},\"image\":{\"@id\":\"https:\/\/www.liftingroup.com\/en\/#\/schema\/logo\/image\/\"},\"sameAs\":[\"https:\/\/x.com\/Liftingroup\",\"http:\/\/www.linkedin.com\/company\/lifting&amp;amp;group?trk=hb_tab_compy_id_2245627\",\"https:\/\/www.youtube.com\/channel\/UCRpmOjom0L3EdrAhziNk8Pw\"]}]}<\/script>\n<!-- \/ Yoast SEO plugin. -->","yoast_head_json":{"title":"Agencia Creative Imagine Creative Ideas | Lifting Group \u26a1","description":"Our creative and advertising agency, Imagine Creative Ideas, achieves unique and recognizable branding strategies for the success of your business\u2705","robots":{"index":"index","follow":"follow","max-snippet":"max-snippet:-1","max-image-preview":"max-image-preview:large","max-video-preview":"max-video-preview:-1"},"canonical":"https:\/\/www.liftingroup.com\/en\/visual\/","og_locale":"en_US","og_type":"article","og_title":"Agencia Creative Imagine Creative Ideas | Lifting Group \u26a1","og_description":"Our creative and advertising agency, Imagine Creative Ideas, achieves unique and recognizable branding strategies for the success of your business\u2705","og_url":"https:\/\/www.liftingroup.com\/en\/visual\/","og_site_name":"Lifting Group","article_modified_time":"2025-09-17T09:58:52+00:00","twitter_card":"summary_large_image","twitter_site":"@Liftingroup","twitter_misc":{"Est. reading time":"3 minutes"},"schema":{"@context":"https:\/\/schema.org","@graph":[{"@type":"WebPage","@id":"https:\/\/www.liftingroup.com\/en\/visual\/","url":"https:\/\/www.liftingroup.com\/en\/visual\/","name":"Agencia Creative Imagine Creative Ideas | Lifting Group \u26a1","isPartOf":{"@id":"https:\/\/www.liftingroup.com\/en\/#website"},"datePublished":"2019-12-03T14:16:47+00:00","dateModified":"2025-09-17T09:58:52+00:00","description":"Our creative and advertising agency, Imagine Creative Ideas, achieves unique and recognizable branding strategies for the success of your business\u2705","breadcrumb":{"@id":"https:\/\/www.liftingroup.com\/en\/visual\/#breadcrumb"},"inLanguage":"en-US","potentialAction":[{"@type":"ReadAction","target":["https:\/\/www.liftingroup.com\/en\/visual\/"]}]},{"@type":"BreadcrumbList","@id":"https:\/\/www.liftingroup.com\/en\/visual\/#breadcrumb","itemListElement":[{"@type":"ListItem","position":1,"name":"Home","item":"https:\/\/www.liftingroup.com\/en\/"},{"@type":"ListItem","position":2,"name":"Visual"}]},{"@type":"WebSite","@id":"https:\/\/www.liftingroup.com\/en\/#website","url":"https:\/\/www.liftingroup.com\/en\/","name":"Lifting Group","description":"","publisher":{"@id":"https:\/\/www.liftingroup.com\/en\/#organization"},"potentialAction":[{"@type":"SearchAction","target":{"@type":"EntryPoint","urlTemplate":"https:\/\/www.liftingroup.com\/en\/?s={search_term_string}"},"query-input":{"@type":"PropertyValueSpecification","valueRequired":true,"valueName":"search_term_string"}}],"inLanguage":"en-US"},{"@type":"Organization","@id":"https:\/\/www.liftingroup.com\/en\/#organization","name":"Lifting Group","url":"https:\/\/www.liftingroup.com\/en\/","logo":{"@type":"ImageObject","inLanguage":"en-US","@id":"https:\/\/www.liftingroup.com\/en\/#\/schema\/logo\/image\/","url":"https:\/\/www.liftingroup.com\/wp-content\/uploads\/2022\/05\/Logo_15aniversario_LiftingGroup-2.png","contentUrl":"https:\/\/www.liftingroup.com\/wp-content\/uploads\/2022\/05\/Logo_15aniversario_LiftingGroup-2.png","width":216,"height":59,"caption":"Lifting Group"},"image":{"@id":"https:\/\/www.liftingroup.com\/en\/#\/schema\/logo\/image\/"},"sameAs":["https:\/\/x.com\/Liftingroup","http:\/\/www.linkedin.com\/company\/lifting&amp;amp;group?trk=hb_tab_compy_id_2245627","https:\/\/www.youtube.com\/channel\/UCRpmOjom0L3EdrAhziNk8Pw"]}]}},"_links":{"self":[{"href":"https:\/\/www.liftingroup.com\/en\/wp-json\/wp\/v2\/pages\/32704","targetHints":{"allow":["GET"]}}],"collection":[{"href":"https:\/\/www.liftingroup.com\/en\/wp-json\/wp\/v2\/pages"}],"about":[{"href":"https:\/\/www.liftingroup.com\/en\/wp-json\/wp\/v2\/types\/page"}],"author":[{"embeddable":true,"href":"https:\/\/www.liftingroup.com\/en\/wp-json\/wp\/v2\/users\/1"}],"replies":[{"embeddable":true,"href":"https:\/\/www.liftingroup.com\/en\/wp-json\/wp\/v2\/comments?post=32704"}],"version-history":[{"count":1,"href":"https:\/\/www.liftingroup.com\/en\/wp-json\/wp\/v2\/pages\/32704\/revisions"}],"predecessor-version":[{"id":82715,"href":"https:\/\/www.liftingroup.com\/en\/wp-json\/wp\/v2\/pages\/32704\/revisions\/82715"}],"wp:attachment":[{"href":"https:\/\/www.liftingroup.com\/en\/wp-json\/wp\/v2\/media?parent=32704"}],"wp:term":[{"taxonomy":"category","embeddable":true,"href":"https:\/\/www.liftingroup.com\/en\/wp-json\/wp\/v2\/categories?post=32704"},{"taxonomy":"post_tag","embeddable":true,"href":"https:\/\/www.liftingroup.com\/en\/wp-json\/wp\/v2\/tags?post=32704"}],"curies":[{"name":"wp","href":"https:\/\/api.w.org\/{rel}","templated":true}]}}